{"id":1270,"date":"2019-04-25T11:25:37","date_gmt":"2019-04-25T11:25:37","guid":{"rendered":"http:\/\/varlikotomasyon.com.tr\/main\/?page_id=1270"},"modified":"2025-07-03T21:26:20","modified_gmt":"2025-07-03T18:26:20","slug":"varlik-otomasyon-makina-iletisim","status":"publish","type":"page","link":"http:\/\/varlikotomasyon.com.tr\/main\/varlik-otomasyon-makina-iletisim\/","title":{"rendered":"\u0130leti\u015fim"},"content":{"rendered":"\t\t<div data-elementor-type=\"wp-post\" data-elementor-id=\"1270\" class=\"elementor elementor-1270\" data-elementor-settings=\"[]\">\n\t\t\t\t\t\t<div class=\"elementor-inner\">\n\t\t\t\t\t\t\t<div class=\"elementor-section-wrap\">\n\t\t\t\t\t\t\t<section class=\"elementor-section elementor-top-section elementor-element elementor-element-79d4a3f elementor-section-boxed elementor-section-height-default elementor-section-height-default\" data-id=\"79d4a3f\" data-element_type=\"section\">\n\t\t\t\t\t\t<div class=\"elementor-container elementor-column-gap-default\">\n\t\t\t\t\t\t\t<div class=\"elementor-row\">\n\t\t\t\t\t<div class=\"elementor-column elementor-col-50 elementor-top-column elementor-element elementor-element-5277712\" data-id=\"5277712\" data-element_type=\"column\" data-settings=\"{&quot;background_background&quot;:&quot;classic&quot;}\">\n\t\t\t<div class=\"elementor-column-wrap elementor-element-populated\">\n\t\t\t\t\t\t\t<div class=\"elementor-widget-wrap\">\n\t\t\t\t\t\t<div class=\"elementor-element elementor-element-b60c56a elementor-widget elementor-widget-induxo-title\" data-id=\"b60c56a\" data-element_type=\"widget\" data-widget_type=\"induxo-title.default\">\n\t\t\t\t<div class=\"elementor-widget-container\">\n\t\t\t         <div class=\"section-heading-content\">\n                  <small class=\"title-bg-small\">Bize Ula\u015f\u0131n<\/small>\n                    <h2 class=\"section-title title-center\">\n                 Bize <span>mesaj<\/span> g\u00f6nderin            <\/h2>\n         <\/div><!-- Section title -->\t\t\n         \n\n     \n    \t\t<\/div>\n\t\t\t\t<\/div>\n\t\t\t\t<div class=\"elementor-element elementor-element-e14caee elementor-widget elementor-widget-shortcode\" data-id=\"e14caee\" data-element_type=\"widget\" data-widget_type=\"shortcode.default\">\n\t\t\t\t<div class=\"elementor-widget-container\">\n\t\t\t\t\t<div class=\"elementor-shortcode\"><div role=\"form\" class=\"wpcf7\" id=\"wpcf7-f358-o1\" lang=\"en-US\" dir=\"ltr\">\n<div class=\"screen-reader-response\"><p role=\"status\" aria-live=\"polite\" aria-atomic=\"true\"><\/p> <ul><\/ul><\/div>\n<form action=\"\/main\/wp-json\/wp\/v2\/pages\/1270#wpcf7-f358-o1\" method=\"post\" class=\"wpcf7-form init\" novalidate=\"novalidate\" data-status=\"init\">\n<div style=\"display: none;\">\n<input type=\"hidden\" name=\"_wpcf7\" value=\"358\" \/>\n<input type=\"hidden\" name=\"_wpcf7_version\" value=\"5.3\" \/>\n<input type=\"hidden\" name=\"_wpcf7_locale\" value=\"en_US\" \/>\n<input type=\"hidden\" name=\"_wpcf7_unit_tag\" value=\"wpcf7-f358-o1\" \/>\n<input type=\"hidden\" name=\"_wpcf7_container_post\" value=\"0\" \/>\n<input type=\"hidden\" name=\"_wpcf7_posted_data_hash\" value=\"\" \/>\n<\/div>\n<div class=\"ts-contact-form\">\n<div class=\"ts-form-group\">\n<div class=\"ts-form contactMe\">\n<div class=\"row\">\n<div class=\"col-lg-6\">\n<span class=\"wpcf7-form-control-wrap ad\"><input type=\"text\" name=\"ad\" value=\"\" size=\"40\" class=\"wpcf7-form-control wpcf7-text form-control field\" aria-invalid=\"false\" placeholder=\"Ad\u0131n\u0131z\" \/><\/span>\n                                        <\/div>\n<div class=\"col-lg-6\">\n<span class=\"wpcf7-form-control-wrap soyad\"><input type=\"text\" name=\"soyad\" value=\"\" size=\"40\" class=\"wpcf7-form-control wpcf7-text form-control field\" aria-invalid=\"false\" placeholder=\"Soyad\u0131n\u0131z\" \/><\/span>\n                                        <\/div>\n<\/p><\/div>\n<div class=\"row\">\n<div class=\"col-lg-6\">\n<span class=\"wpcf7-form-control-wrap email-980\"><input type=\"email\" name=\"email-980\" value=\"\" size=\"40\" class=\"wpcf7-form-control wpcf7-text wpcf7-email wpcf7-validates-as-required wpcf7-validates-as-email form-control field\" aria-required=\"true\" aria-invalid=\"false\" placeholder=\"E-posta\" \/><\/span>\n                                        <\/div>\n<div class=\"col-lg-6\">\n <span class=\"wpcf7-form-control-wrap sirket\"><input type=\"text\" name=\"sirket\" value=\"\" size=\"40\" class=\"wpcf7-form-control wpcf7-text wpcf7-validates-as-required form-control field\" aria-required=\"true\" aria-invalid=\"false\" placeholder=\"Firma\" \/><\/span><\/p><\/div>\n<\/p><\/div>\n<div class=\"row\">\n<div class=\"col-lg-6\">\n <span class=\"wpcf7-form-control-wrap telefon\"><input type=\"tel\" name=\"telefon\" value=\"\" size=\"40\" class=\"wpcf7-form-control wpcf7-text wpcf7-tel wpcf7-validates-as-required wpcf7-validates-as-tel form-control field\" aria-required=\"true\" aria-invalid=\"false\" placeholder=\"Telefon\" \/><\/span><\/p><\/div>\n<div class=\"col-lg-6\">\n<span class=\"wpcf7-form-control-wrap konu\"><input type=\"text\" name=\"konu\" value=\"\" size=\"40\" class=\"wpcf7-form-control wpcf7-text wpcf7-validates-as-required form-control field\" aria-required=\"true\" aria-invalid=\"false\" placeholder=\"Konu\" \/><\/span>\n                                        <\/div>\n<\/p><\/div>\n<\/p><\/div>\n<\/p><\/div>\n<p><span class=\"wpcf7-form-control-wrap textarea-463\"><textarea name=\"textarea-463\" cols=\"40\" rows=\"10\" class=\"wpcf7-form-control wpcf7-textarea wpcf7-validates-as-required form-control message-box field\" aria-required=\"true\" aria-invalid=\"false\" placeholder=\"Mesaj\u0131n\u0131z\"><\/textarea><\/span><\/p>\n<div class=\"ts-btn-wraper\">\n                                   <input type=\"submit\" value=\"G\u00f6nder\" class=\"wpcf7-form-control wpcf7-submit btn\" \/>\n                                    <\/div>\n<div class=\"msg\"><\/div>\n<\/p><\/div>\n<div class=\"wpcf7-response-output\" aria-hidden=\"true\"><\/div><\/form><\/div><\/div>\n\t\t\t\t<\/div>\n\t\t\t\t<\/div>\n\t\t\t\t\t\t<\/div>\n\t\t\t\t\t<\/div>\n\t\t<\/div>\n\t\t\t\t<div class=\"elementor-column elementor-col-50 elementor-top-column elementor-element elementor-element-8398a65\" data-id=\"8398a65\" data-element_type=\"column\" data-settings=\"{&quot;background_background&quot;:&quot;classic&quot;}\">\n\t\t\t<div class=\"elementor-column-wrap elementor-element-populated\">\n\t\t\t\t\t\t\t<div class=\"elementor-widget-wrap\">\n\t\t\t\t\t\t<div class=\"elementor-element elementor-element-96f8dd8 elementor-widget elementor-widget-induxo-title\" data-id=\"96f8dd8\" data-element_type=\"widget\" data-widget_type=\"induxo-title.default\">\n\t\t\t\t<div class=\"elementor-widget-container\">\n\t\t\t         <div class=\"section-heading-content\">\n                     <h2 class=\"section-title title-left\">\n                 <span>\u0130leti\u015fim<\/span> Bilgilerimiz            <\/h2>\n         <\/div><!-- Section title -->\t\t\n         \n\n     \n    \t\t<\/div>\n\t\t\t\t<\/div>\n\t\t\t\t<section class=\"elementor-section elementor-inner-section elementor-element elementor-element-b0c5fb4 elementor-section-boxed elementor-section-height-default elementor-section-height-default\" data-id=\"b0c5fb4\" data-element_type=\"section\">\n\t\t\t\t\t\t<div class=\"elementor-container elementor-column-gap-default\">\n\t\t\t\t\t\t\t<div class=\"elementor-row\">\n\t\t\t\t\t<div class=\"elementor-column elementor-col-100 elementor-inner-column elementor-element elementor-element-ed8a379\" data-id=\"ed8a379\" data-element_type=\"column\">\n\t\t\t<div class=\"elementor-column-wrap elementor-element-populated\">\n\t\t\t\t\t\t\t<div class=\"elementor-widget-wrap\">\n\t\t\t\t\t\t<div class=\"elementor-element elementor-element-5909272 elementor-widget elementor-widget-heading\" data-id=\"5909272\" data-element_type=\"widget\" data-widget_type=\"heading.default\">\n\t\t\t\t<div class=\"elementor-widget-container\">\n\t\t\t<h2 class=\"elementor-heading-title elementor-size-default\">Merkez<\/h2>\t\t<\/div>\n\t\t\t\t<\/div>\n\t\t\t\t<div class=\"elementor-element elementor-element-47f1867 elementor-widget elementor-widget-text-editor\" data-id=\"47f1867\" data-element_type=\"widget\" data-widget_type=\"text-editor.default\">\n\t\t\t\t<div class=\"elementor-widget-container\">\n\t\t\t\t\t<div class=\"elementor-text-editor elementor-clearfix\">Ostim OSB. 1230\/1 Sk. No: 24 Ostim, Yenimahalle\/ANKARA\n\nTelefon: <a href=\"tel:+903123947877\">+90 (312) 394 78 77<\/a>\nE-posta: <a href=\"mailto:info@varlikotomasyon.com.tr\">info@varlikotomasyon.com.tr<\/a><\/div>\n\t\t\t\t<\/div>\n\t\t\t\t<\/div>\n\t\t\t\t\t\t<\/div>\n\t\t\t\t\t<\/div>\n\t\t<\/div>\n\t\t\t\t\t\t\t\t<\/div>\n\t\t\t\t\t<\/div>\n\t\t<\/section>\n\t\t\t\t\t\t<\/div>\n\t\t\t\t\t<\/div>\n\t\t<\/div>\n\t\t\t\t\t\t\t\t<\/div>\n\t\t\t\t\t<\/div>\n\t\t<\/section>\n\t\t\t\t<section class=\"elementor-section elementor-top-section elementor-element elementor-element-374d320 elementor-section-full_width elementor-section-height-default elementor-section-height-default\" data-id=\"374d320\" data-element_type=\"section\">\n\t\t\t\t\t\t<div class=\"elementor-container elementor-column-gap-no\">\n\t\t\t\t\t\t\t<div class=\"elementor-row\">\n\t\t\t\t\t<div class=\"elementor-column elementor-col-100 elementor-top-column elementor-element elementor-element-f9d1650\" data-id=\"f9d1650\" data-element_type=\"column\">\n\t\t\t<div class=\"elementor-column-wrap elementor-element-populated\">\n\t\t\t\t\t\t\t<div class=\"elementor-widget-wrap\">\n\t\t\t\t\t\t<div class=\"elementor-element elementor-element-b51b68f elementor-widget elementor-widget-google_maps\" data-id=\"b51b68f\" data-element_type=\"widget\" data-widget_type=\"google_maps.default\">\n\t\t\t\t<div class=\"elementor-widget-container\">\n\t\t\t<div class=\"elementor-custom-embed\"><iframe frameborder=\"0\" scrolling=\"no\" marginheight=\"0\" marginwidth=\"0\" src=\"https:\/\/maps.google.com\/maps?q=Varl%C4%B1k%20Otomasyon%20Makina%20A%C5%9E&amp;t=m&amp;z=18&amp;output=embed&amp;iwloc=near\" title=\"Varl\u0131k Otomasyon Makina A\u015e\" aria-label=\"Varl\u0131k Otomasyon Makina A\u015e\"><\/iframe><\/div>\t\t<\/div>\n\t\t\t\t<\/div>\n\t\t\t\t\t\t<\/div>\n\t\t\t\t\t<\/div>\n\t\t<\/div>\n\t\t\t\t\t\t\t\t<\/div>\n\t\t\t\t\t<\/div>\n\t\t<\/section>\n\t\t\t\t\t\t<\/div>\n\t\t\t\t\t\t<\/div>\n\t\t\t\t\t<\/div>\n\t\t","protected":false},"excerpt":{"rendered":"<p>Bize Ula\u015f\u0131n Bize mesaj g\u00f6nderin \u0130leti\u015fim Bilgilerimiz Merkez Ostim OSB. 1230\/1 Sk. No: 24 Ostim, Yenimahalle\/ANKARA Telefon: +90 (312) 394 78 77 E-posta: info@varlikotomasyon.com.tr<\/p>\n","protected":false},"author":1,"featured_media":0,"parent":0,"menu_order":0,"comment_status":"closed","ping_status":"closed","template":"elementor_header_footer","meta":[],"_links":{"self":[{"href":"http:\/\/varlikotomasyon.com.tr\/main\/wp-json\/wp\/v2\/pages\/1270"}],"collection":[{"href":"http:\/\/varlikotomasyon.com.tr\/main\/wp-json\/wp\/v2\/pages"}],"about":[{"href":"http:\/\/varlikotomasyon.com.tr\/main\/wp-json\/wp\/v2\/types\/page"}],"author":[{"embeddable":true,"href":"http:\/\/varlikotomasyon.com.tr\/main\/wp-json\/wp\/v2\/users\/1"}],"replies":[{"embeddable":true,"href":"http:\/\/varlikotomasyon.com.tr\/main\/wp-json\/wp\/v2\/comments?post=1270"}],"version-history":[{"count":17,"href":"http:\/\/varlikotomasyon.com.tr\/main\/wp-json\/wp\/v2\/pages\/1270\/revisions"}],"predecessor-version":[{"id":1957,"href":"http:\/\/varlikotomasyon.com.tr\/main\/wp-json\/wp\/v2\/pages\/1270\/revisions\/1957"}],"wp:attachment":[{"href":"http:\/\/varlikotomasyon.com.tr\/main\/wp-json\/wp\/v2\/media?parent=1270"}],"curies":[{"name":"wp","href":"https:\/\/api.w.org\/{rel}","templated":true}]}}