{"id":1876,"date":"2020-12-22T21:18:50","date_gmt":"2020-12-22T18:18:50","guid":{"rendered":"http:\/\/varlikotomasyon.com.tr\/main\/?page_id=1876"},"modified":"2020-12-22T21:25:17","modified_gmt":"2020-12-22T18:25:17","slug":"sertifikalarimiz","status":"publish","type":"page","link":"https:\/\/varlikotomasyon.com.tr\/main\/sertifikalarimiz\/","title":{"rendered":"Sertifikalar\u0131m\u0131z"},"content":{"rendered":"\t\t<div data-elementor-type=\"wp-page\" data-elementor-id=\"1876\" class=\"elementor elementor-1876\" data-elementor-settings=\"[]\">\n\t\t\t\t\t\t<div class=\"elementor-inner\">\n\t\t\t\t\t\t\t<div class=\"elementor-section-wrap\">\n\t\t\t\t\t\t\t<section class=\"elementor-section elementor-top-section elementor-element elementor-element-3188c21 elementor-section-boxed elementor-section-height-default elementor-section-height-default\" data-id=\"3188c21\" data-element_type=\"section\">\n\t\t\t\t\t\t<div class=\"elementor-container elementor-column-gap-default\">\n\t\t\t\t\t\t\t<div class=\"elementor-row\">\n\t\t\t\t\t<div class=\"elementor-column elementor-col-100 elementor-top-column elementor-element elementor-element-0f20f6d\" data-id=\"0f20f6d\" data-element_type=\"column\">\n\t\t\t<div class=\"elementor-column-wrap elementor-element-populated\">\n\t\t\t\t\t\t\t<div class=\"elementor-widget-wrap\">\n\t\t\t\t\t\t<div class=\"elementor-element elementor-element-0fa0d64 elementor-widget elementor-widget-induxo-title\" data-id=\"0fa0d64\" data-element_type=\"widget\" data-widget_type=\"induxo-title.default\">\n\t\t\t\t<div class=\"elementor-widget-container\">\n\t\t\t         <div class=\"section-heading-content\">\n                  <small class=\"title-bg-small\">Sertifikalar\u0131m\u0131z<\/small>\n                    <h2 class=\"section-title title-center\">\n                 Bize <span>g\u00fcvenin.<\/span>            <\/h2>\n         <\/div><!-- Section title -->\t\t\n         \n\n     \n    \t\t<\/div>\n\t\t\t\t<\/div>\n\t\t\t\t\t\t<\/div>\n\t\t\t\t\t<\/div>\n\t\t<\/div>\n\t\t\t\t\t\t\t\t<\/div>\n\t\t\t\t\t<\/div>\n\t\t<\/section>\n\t\t\t\t<section class=\"elementor-section elementor-top-section elementor-element elementor-element-0f00e04 elementor-section-boxed elementor-section-height-default elementor-section-height-default\" data-id=\"0f00e04\" data-element_type=\"section\">\n\t\t\t\t\t\t<div class=\"elementor-container elementor-column-gap-default\">\n\t\t\t\t\t\t\t<div class=\"elementor-row\">\n\t\t\t\t\t<div class=\"elementor-column elementor-col-100 elementor-top-column elementor-element elementor-element-8347f58\" data-id=\"8347f58\" data-element_type=\"column\">\n\t\t\t<div class=\"elementor-column-wrap elementor-element-populated\">\n\t\t\t\t\t\t\t<div class=\"elementor-widget-wrap\">\n\t\t\t\t\t\t<div class=\"elementor-element elementor-element-39d6fb6 elementor-widget elementor-widget-image-gallery\" data-id=\"39d6fb6\" data-element_type=\"widget\" data-widget_type=\"image-gallery.default\">\n\t\t\t\t<div class=\"elementor-widget-container\">\n\t\t\t\t\t<div class=\"elementor-image-gallery\">\n\t\t\t<div id='gallery-1' class='gallery galleryid-1876 gallery-columns-2 gallery-size-medium'><figure class='gallery-item'>\n\t\t\t<div class='gallery-icon portrait'>\n\t\t\t\t<a data-elementor-open-lightbox=\"yes\" data-elementor-lightbox-slideshow=\"39d6fb6\" data-elementor-lightbox-title=\"Iso9001\" href='https:\/\/varlikotomasyon.com.tr\/main\/wp-content\/uploads\/2020\/12\/20180606_124141-scaled.jpg'><img width=\"207\" height=\"300\" src=\"https:\/\/varlikotomasyon.com.tr\/main\/wp-content\/uploads\/2020\/12\/20180606_124141-207x300.jpg\" class=\"attachment-medium size-medium\" alt=\"\" loading=\"lazy\" aria-describedby=\"gallery-1-1880\" srcset=\"https:\/\/varlikotomasyon.com.tr\/main\/wp-content\/uploads\/2020\/12\/20180606_124141-207x300.jpg 207w, https:\/\/varlikotomasyon.com.tr\/main\/wp-content\/uploads\/2020\/12\/20180606_124141-707x1024.jpg 707w, https:\/\/varlikotomasyon.com.tr\/main\/wp-content\/uploads\/2020\/12\/20180606_124141-768x1112.jpg 768w, https:\/\/varlikotomasyon.com.tr\/main\/wp-content\/uploads\/2020\/12\/20180606_124141-1061x1536.jpg 1061w, https:\/\/varlikotomasyon.com.tr\/main\/wp-content\/uploads\/2020\/12\/20180606_124141-1414x2048.jpg 1414w, https:\/\/varlikotomasyon.com.tr\/main\/wp-content\/uploads\/2020\/12\/20180606_124141-scaled.jpg 1768w\" sizes=\"(max-width: 207px) 100vw, 207px\" \/><\/a>\n\t\t\t<\/div>\n\t\t\t\t<figcaption class='wp-caption-text gallery-caption' id='gallery-1-1880'>\n\t\t\t\tISO 9001 Sertifikas\u0131\n\t\t\t\t<\/figcaption><\/figure><figure class='gallery-item'>\n\t\t\t<div class='gallery-icon landscape'>\n\t\t\t\t<a data-elementor-open-lightbox=\"yes\" data-elementor-lightbox-slideshow=\"39d6fb6\" data-elementor-lightbox-title=\"Solidworks lisans\" href='https:\/\/varlikotomasyon.com.tr\/main\/wp-content\/uploads\/2020\/12\/Ekran-Resmi-2020-12-22-21.15.08.png'><img width=\"300\" height=\"213\" src=\"https:\/\/varlikotomasyon.com.tr\/main\/wp-content\/uploads\/2020\/12\/Ekran-Resmi-2020-12-22-21.15.08-300x213.png\" class=\"attachment-medium size-medium\" alt=\"\" loading=\"lazy\" aria-describedby=\"gallery-1-1879\" srcset=\"https:\/\/varlikotomasyon.com.tr\/main\/wp-content\/uploads\/2020\/12\/Ekran-Resmi-2020-12-22-21.15.08-300x213.png 300w, https:\/\/varlikotomasyon.com.tr\/main\/wp-content\/uploads\/2020\/12\/Ekran-Resmi-2020-12-22-21.15.08-1024x726.png 1024w, https:\/\/varlikotomasyon.com.tr\/main\/wp-content\/uploads\/2020\/12\/Ekran-Resmi-2020-12-22-21.15.08-768x545.png 768w, https:\/\/varlikotomasyon.com.tr\/main\/wp-content\/uploads\/2020\/12\/Ekran-Resmi-2020-12-22-21.15.08-350x250.png 350w, https:\/\/varlikotomasyon.com.tr\/main\/wp-content\/uploads\/2020\/12\/Ekran-Resmi-2020-12-22-21.15.08.png 1131w\" sizes=\"(max-width: 300px) 100vw, 300px\" \/><\/a>\n\t\t\t<\/div>\n\t\t\t\t<figcaption class='wp-caption-text gallery-caption' id='gallery-1-1879'>\n\t\t\t\tSolidworks Lisans Sertifikas\u0131\n\t\t\t\t<\/figcaption><\/figure>\n\t\t<\/div>\n\t\t<\/div>\n\t\t\t\t<\/div>\n\t\t\t\t<\/div>\n\t\t\t\t\t\t<\/div>\n\t\t\t\t\t<\/div>\n\t\t<\/div>\n\t\t\t\t\t\t\t\t<\/div>\n\t\t\t\t\t<\/div>\n\t\t<\/section>\n\t\t\t\t<section class=\"elementor-section elementor-top-section elementor-element elementor-element-e4a10af elementor-section-boxed elementor-section-height-default elementor-section-height-default\" data-id=\"e4a10af\" data-element_type=\"section\" data-settings=\"{&quot;background_background&quot;:&quot;classic&quot;}\">\n\t\t\t\t\t\t<div class=\"elementor-container elementor-column-gap-default\">\n\t\t\t\t\t\t\t<div class=\"elementor-row\">\n\t\t\t\t\t<div class=\"elementor-column elementor-col-100 elementor-top-column elementor-element elementor-element-01e2f33\" data-id=\"01e2f33\" data-element_type=\"column\">\n\t\t\t<div class=\"elementor-column-wrap elementor-element-populated\">\n\t\t\t\t\t\t\t<div class=\"elementor-widget-wrap\">\n\t\t\t\t\t\t<div class=\"elementor-element elementor-element-130ba1e elementor-widget elementor-widget-image-carousel\" data-id=\"130ba1e\" data-element_type=\"widget\" data-settings=\"{&quot;slides_to_show&quot;:&quot;5&quot;,&quot;navigation&quot;:&quot;none&quot;,&quot;slides_to_show_tablet&quot;:&quot;4&quot;,&quot;autoplay&quot;:&quot;no&quot;,&quot;infinite&quot;:&quot;yes&quot;,&quot;speed&quot;:500}\" data-widget_type=\"image-carousel.default\">\n\t\t\t\t<div class=\"elementor-widget-container\">\n\t\t\t\t\t<div class=\"elementor-image-carousel-wrapper swiper-container\" dir=\"ltr\">\n\t\t\t<div class=\"elementor-image-carousel swiper-wrapper\">\n\t\t\t\t<div class=\"swiper-slide\"><figure class=\"swiper-slide-inner\"><img class=\"swiper-slide-image\" src=\"https:\/\/varlikotomasyon.com.tr\/main\/wp-content\/uploads\/2020\/12\/mke-referans.jpg\" alt=\"MKE\" \/><\/figure><\/div><div class=\"swiper-slide\"><figure class=\"swiper-slide-inner\"><img class=\"swiper-slide-image\" src=\"https:\/\/varlikotomasyon.com.tr\/main\/wp-content\/uploads\/2020\/11\/client-5.jpg\" alt=\"client-5\" \/><\/figure><\/div><div class=\"swiper-slide\"><figure class=\"swiper-slide-inner\"><img class=\"swiper-slide-image\" src=\"https:\/\/varlikotomasyon.com.tr\/main\/wp-content\/uploads\/2020\/12\/baymina_enerji.jpg\" alt=\"Baymina Enerji\" \/><\/figure><\/div><div class=\"swiper-slide\"><figure class=\"swiper-slide-inner\"><img class=\"swiper-slide-image\" src=\"https:\/\/varlikotomasyon.com.tr\/main\/wp-content\/uploads\/2020\/12\/teias-referans.jpg\" alt=\"TE\u0130A\u015e\" \/><\/figure><\/div><div class=\"swiper-slide\"><figure class=\"swiper-slide-inner\"><img class=\"swiper-slide-image\" src=\"https:\/\/varlikotomasyon.com.tr\/main\/wp-content\/uploads\/2020\/12\/boyabat.jpg\" alt=\"Boyabat Elektrik \u00dcretim\" \/><\/figure><\/div><div class=\"swiper-slide\"><figure class=\"swiper-slide-inner\"><img class=\"swiper-slide-image\" src=\"https:\/\/varlikotomasyon.com.tr\/main\/wp-content\/uploads\/2020\/12\/essentium.jpg\" alt=\"Essentium\" \/><\/figure><\/div><div class=\"swiper-slide\"><figure class=\"swiper-slide-inner\"><img class=\"swiper-slide-image\" src=\"https:\/\/varlikotomasyon.com.tr\/main\/wp-content\/uploads\/2020\/12\/voith-referans.jpg\" alt=\"Voith\" \/><\/figure><\/div><div class=\"swiper-slide\"><figure class=\"swiper-slide-inner\"><img class=\"swiper-slide-image\" src=\"https:\/\/varlikotomasyon.com.tr\/main\/wp-content\/uploads\/2020\/12\/yepsan-savunma.jpg\" alt=\"Yepsan\" \/><\/figure><\/div><div class=\"swiper-slide\"><figure class=\"swiper-slide-inner\"><img class=\"swiper-slide-image\" src=\"https:\/\/varlikotomasyon.com.tr\/main\/wp-content\/uploads\/2020\/12\/aril-havacilik.jpg\" alt=\"Aril Savunma\" \/><\/figure><\/div><div class=\"swiper-slide\"><figure class=\"swiper-slide-inner\"><img class=\"swiper-slide-image\" src=\"https:\/\/varlikotomasyon.com.tr\/main\/wp-content\/uploads\/2020\/12\/sey-metal.jpg\" alt=\"Eymetal\" \/><\/figure><\/div><div class=\"swiper-slide\"><figure class=\"swiper-slide-inner\"><img class=\"swiper-slide-image\" src=\"https:\/\/varlikotomasyon.com.tr\/main\/wp-content\/uploads\/2020\/12\/mcm-savunma.jpg\" alt=\"CM Savunma\" \/><\/figure><\/div><div class=\"swiper-slide\"><figure class=\"swiper-slide-inner\"><img class=\"swiper-slide-image\" src=\"https:\/\/varlikotomasyon.com.tr\/main\/wp-content\/uploads\/2020\/12\/biofer-enerji.jpg\" alt=\"Biofer Enerji\" \/><\/figure><\/div><div class=\"swiper-slide\"><figure class=\"swiper-slide-inner\"><img class=\"swiper-slide-image\" src=\"https:\/\/varlikotomasyon.com.tr\/main\/wp-content\/uploads\/2020\/12\/biotrend.jpg\" alt=\"Biotrend\" \/><\/figure><\/div><div class=\"swiper-slide\"><figure class=\"swiper-slide-inner\"><img class=\"swiper-slide-image\" src=\"https:\/\/varlikotomasyon.com.tr\/main\/wp-content\/uploads\/2020\/12\/envio-referans.jpg\" alt=\"Envio Enerji\" \/><\/figure><\/div><div class=\"swiper-slide\"><figure class=\"swiper-slide-inner\"><img class=\"swiper-slide-image\" src=\"https:\/\/varlikotomasyon.com.tr\/main\/wp-content\/uploads\/2020\/12\/panab-enerji.jpg\" alt=\"Panab Enerji\" \/><\/figure><\/div><div class=\"swiper-slide\"><figure class=\"swiper-slide-inner\"><img class=\"swiper-slide-image\" src=\"https:\/\/varlikotomasyon.com.tr\/main\/wp-content\/uploads\/2020\/12\/panda-aluminyum.jpg\" alt=\"Panda Al\u00fcminyum\" \/><\/figure><\/div>\t\t\t<\/div>\n\t\t\t\t\t\t\t\t\t\t\t\t\t\t\t\t<\/div>\n\t\t\t\t<\/div>\n\t\t\t\t<\/div>\n\t\t\t\t\t\t<\/div>\n\t\t\t\t\t<\/div>\n\t\t<\/div>\n\t\t\t\t\t\t\t\t<\/div>\n\t\t\t\t\t<\/div>\n\t\t<\/section>\n\t\t\t\t\t\t<\/div>\n\t\t\t\t\t\t<\/div>\n\t\t\t\t\t<\/div>\n\t\t","protected":false},"excerpt":{"rendered":"<p>Sertifikalar\u0131m\u0131z Bize g\u00fcvenin. ISO 9001 Sertifikas\u0131 Solidworks Lisans Sertifikas\u0131<\/p>\n","protected":false},"author":1,"featured_media":0,"parent":0,"menu_order":0,"comment_status":"closed","ping_status":"closed","template":"elementor_header_footer","meta":[],"_links":{"self":[{"href":"https:\/\/varlikotomasyon.com.tr\/main\/wp-json\/wp\/v2\/pages\/1876"}],"collection":[{"href":"https:\/\/varlikotomasyon.com.tr\/main\/wp-json\/wp\/v2\/pages"}],"about":[{"href":"https:\/\/varlikotomasyon.com.tr\/main\/wp-json\/wp\/v2\/types\/page"}],"author":[{"embeddable":true,"href":"https:\/\/varlikotomasyon.com.tr\/main\/wp-json\/wp\/v2\/users\/1"}],"replies":[{"embeddable":true,"href":"https:\/\/varlikotomasyon.com.tr\/main\/wp-json\/wp\/v2\/comments?post=1876"}],"version-history":[{"count":7,"href":"https:\/\/varlikotomasyon.com.tr\/main\/wp-json\/wp\/v2\/pages\/1876\/revisions"}],"predecessor-version":[{"id":1891,"href":"https:\/\/varlikotomasyon.com.tr\/main\/wp-json\/wp\/v2\/pages\/1876\/revisions\/1891"}],"wp:attachment":[{"href":"https:\/\/varlikotomasyon.com.tr\/main\/wp-json\/wp\/v2\/media?parent=1876"}],"curies":[{"name":"wp","href":"https:\/\/api.w.org\/{rel}","templated":true}]}}